{"id":2,"date":"2025-01-20T19:40:52","date_gmt":"2025-01-20T19:40:52","guid":{"rendered":"https:\/\/kiralasende.com\/?page_id=2"},"modified":"2025-01-20T19:58:55","modified_gmt":"2025-01-20T19:58:55","slug":"sample-page","status":"publish","type":"page","link":"https:\/\/kiralasende.com\/","title":{"rendered":"\u00c7ok Yak\u0131nda Yay\u0131nda!"},"content":{"rendered":"\n<p>EFS Elektronik g\u00fcvencesiyle do\u011fan Kiralasende.com, elektronik ve beyaz e\u015fya \u00fcr\u00fcnlerini diledi\u011finiz s\u00fcreyle kiralama imk\u00e2n\u0131 sunan yeni nesil bir platformdur.<\/p>\n\n\n\n<blockquote class=\"wp-block-quote is-layout-flow wp-block-quote-is-layout-flow\">\n<p><strong>Kiralasende ile Neler Kiralayabilirsiniz?<\/strong><\/p>\n\n\n\n<p>Elektronik cihazlar <\/p>\n\n\n\n<p>K\u00fc\u00e7\u00fck ev aletleri<\/p>\n\n\n\n<p>Beyaz e\u015fyalar<\/p>\n\n\n\n<p>Televizyonlar<\/p>\n<\/blockquote>\n\n\n\n<p>&#8230;ve daha fazlas\u0131!<\/p>\n\n\n\n<blockquote class=\"wp-block-quote is-layout-flow wp-block-quote-is-layout-flow\">\n<p>G\u00fcnl\u00fck, haftal\u0131k, ayl\u0131k ve y\u0131ll\u0131k esnek kiralama se\u00e7enekleriyle ihtiyac\u0131n\u0131za en uygun \u00e7\u00f6z\u00fcm\u00fc sunuyoruz. Hem bireysel hem de kurumsal m\u00fc\u015fterilerimiz i\u00e7in ekonomik ve pratik kiralama \u00e7\u00f6z\u00fcmleriyle yan\u0131n\u0131zday\u0131z.<\/p>\n\n\n\n<p><\/p>\n<\/blockquote>\n\n\n\n<p>\u00c7ok yak\u0131nda yay\u0131na giriyoruz! Siz de avantajl\u0131 f\u0131rsatlar\u0131 ka\u00e7\u0131rmamak i\u00e7in bizi takip edin.<\/p>\n\n\n\n<p><\/p>\n","protected":false},"excerpt":{"rendered":"<p>EFS Elektronik g\u00fcvencesiyle do\u011fan Kiralasende.com, elektronik ve beyaz e\u015fya \u00fcr\u00fcnlerini diledi\u011finiz s\u00fcreyle kiralama imk\u00e2n\u0131 sunan yeni nesil bir platformdur. Kiralasende ile Neler Kiralayabilirsiniz? Elektronik cihazlar K\u00fc\u00e7\u00fck ev aletleri Beyaz e\u015fyalar Televizyonlar &#8230;ve daha fazlas\u0131! G\u00fcnl\u00fck, haftal\u0131k, ayl\u0131k ve y\u0131ll\u0131k esnek kiralama se\u00e7enekleriyle ihtiyac\u0131n\u0131za en uygun \u00e7\u00f6z\u00fcm\u00fc sunuyoruz. Hem bireysel hem de kurumsal m\u00fc\u015fterilerimiz i\u00e7in ekonomik [&hellip;]<\/p>\n","protected":false},"author":1,"featured_media":0,"parent":0,"menu_order":0,"comment_status":"closed","ping_status":"closed","template":"","meta":{"footnotes":""},"class_list":["post-2","page","type-page","status-publish","hentry"],"_links":{"self":[{"href":"https:\/\/kiralasende.com\/index.php\/wp-json\/wp\/v2\/pages\/2","targetHints":{"allow":["GET"]}}],"collection":[{"href":"https:\/\/kiralasende.com\/index.php\/wp-json\/wp\/v2\/pages"}],"about":[{"href":"https:\/\/kiralasende.com\/index.php\/wp-json\/wp\/v2\/types\/page"}],"author":[{"embeddable":true,"href":"https:\/\/kiralasende.com\/index.php\/wp-json\/wp\/v2\/users\/1"}],"replies":[{"embeddable":true,"href":"https:\/\/kiralasende.com\/index.php\/wp-json\/wp\/v2\/comments?post=2"}],"version-history":[{"count":3,"href":"https:\/\/kiralasende.com\/index.php\/wp-json\/wp\/v2\/pages\/2\/revisions"}],"predecessor-version":[{"id":13,"href":"https:\/\/kiralasende.com\/index.php\/wp-json\/wp\/v2\/pages\/2\/revisions\/13"}],"wp:attachment":[{"href":"https:\/\/kiralasende.com\/index.php\/wp-json\/wp\/v2\/media?parent=2"}],"curies":[{"name":"wp","href":"https:\/\/api.w.org\/{rel}","templated":true}]}}